{"id":9,"date":"2025-05-29T04:31:06","date_gmt":"2025-05-29T02:31:06","guid":{"rendered":"https:\/\/petiwi.cl\/?page_id=9"},"modified":"2025-05-30T21:04:21","modified_gmt":"2025-05-30T19:04:21","slug":"inicio","status":"publish","type":"page","link":"https:\/\/petiwi.cl\/","title":{"rendered":"Inicio"},"content":{"rendered":"\t\t<div data-elementor-type=\"wp-page\" data-elementor-id=\"9\" class=\"elementor elementor-9\" data-elementor-post-type=\"page\">\n\t\t\t\t<div class=\"elementor-element elementor-element-207b49a e-flex e-con-boxed e-con e-parent\" data-id=\"207b49a\" data-element_type=\"container\">\n\t\t\t\t\t<div class=\"e-con-inner\">\n\t\t\t\t<div class=\"elementor-element elementor-element-e6127a4 elementor-arrows-position-inside elementor-pagination-position-outside elementor-widget elementor-widget-image-carousel\" data-id=\"e6127a4\" data-element_type=\"widget\" data-settings=\"{&quot;slides_to_show&quot;:&quot;1&quot;,&quot;navigation&quot;:&quot;both&quot;,&quot;autoplay&quot;:&quot;yes&quot;,&quot;pause_on_hover&quot;:&quot;yes&quot;,&quot;pause_on_interaction&quot;:&quot;yes&quot;,&quot;autoplay_speed&quot;:5000,&quot;infinite&quot;:&quot;yes&quot;,&quot;effect&quot;:&quot;slide&quot;,&quot;speed&quot;:500}\" data-widget_type=\"image-carousel.default\">\n\t\t\t\t<div class=\"elementor-widget-container\">\n\t\t\t\t\t\t\t<div class=\"elementor-image-carousel-wrapper swiper\" role=\"region\" aria-roledescription=\"carousel\" aria-label=\"Carrusel de im\u00e1genes\" dir=\"ltr\">\n\t\t\t<div class=\"elementor-image-carousel swiper-wrapper\" aria-live=\"off\">\n\t\t\t\t\t\t\t\t<div class=\"swiper-slide\" role=\"group\" aria-roledescription=\"slide\" aria-label=\"1 de 2\"><figure class=\"swiper-slide-inner\"><img decoding=\"async\" class=\"swiper-slide-image\" src=\"https:\/\/petiwi.cl\/wp-content\/uploads\/2025\/05\/Slide-1-1-2048x933.jpg\" alt=\"Slide 1\" \/><\/figure><\/div><div class=\"swiper-slide\" role=\"group\" aria-roledescription=\"slide\" aria-label=\"2 de 2\"><figure class=\"swiper-slide-inner\"><img decoding=\"async\" class=\"swiper-slide-image\" src=\"https:\/\/petiwi.cl\/wp-content\/uploads\/2025\/05\/Slide-2-2048x933.jpg\" alt=\"Slide 2\" \/><\/figure><\/div>\t\t\t<\/div>\n\t\t\t\t\t\t\t\t\t\t\t\t<div class=\"elementor-swiper-button elementor-swiper-button-prev\" role=\"button\" tabindex=\"0\">\n\t\t\t\t\t\t<svg aria-hidden=\"true\" class=\"e-font-icon-svg e-eicon-chevron-left\" viewBox=\"0 0 1000 1000\" xmlns=\"http:\/\/www.w3.org\/2000\/svg\"><path d=\"M646 125C629 125 613 133 604 142L308 442C296 454 292 471 292 487 292 504 296 521 308 533L604 854C617 867 629 875 646 875 663 875 679 871 692 858 704 846 713 829 713 812 713 796 708 779 692 767L438 487 692 225C700 217 708 204 708 187 708 171 704 154 692 142 675 129 663 125 646 125Z\"><\/path><\/svg>\t\t\t\t\t<\/div>\n\t\t\t\t\t<div class=\"elementor-swiper-button elementor-swiper-button-next\" role=\"button\" tabindex=\"0\">\n\t\t\t\t\t\t<svg aria-hidden=\"true\" class=\"e-font-icon-svg e-eicon-chevron-right\" viewBox=\"0 0 1000 1000\" xmlns=\"http:\/\/www.w3.org\/2000\/svg\"><path d=\"M696 533C708 521 713 504 713 487 713 471 708 454 696 446L400 146C388 133 375 125 354 125 338 125 325 129 313 142 300 154 292 171 292 187 292 204 296 221 308 233L563 492 304 771C292 783 288 800 288 817 288 833 296 850 308 863 321 871 338 875 354 875 371 875 388 867 400 854L696 533Z\"><\/path><\/svg>\t\t\t\t\t<\/div>\n\t\t\t\t\n\t\t\t\t\t\t\t\t\t<div class=\"swiper-pagination\"><\/div>\n\t\t\t\t\t\t\t\t\t<\/div>\n\t\t\t\t\t\t<\/div>\n\t\t\t\t<\/div>\n\t\t\t\t\t<\/div>\n\t\t\t\t<\/div>\n\t\t<div class=\"elementor-element elementor-element-2f13b4e e-flex e-con-boxed e-con e-parent\" data-id=\"2f13b4e\" data-element_type=\"container\">\n\t\t\t\t\t<div class=\"e-con-inner\">\n\t\t\t\t<div class=\"elementor-element elementor-element-a9fbfe7 elementor-widget elementor-widget-heading\" data-id=\"a9fbfe7\" data-element_type=\"widget\" data-widget_type=\"heading.default\">\n\t\t\t\t<div class=\"elementor-widget-container\">\n\t\t\t\t\t<h2 class=\"elementor-heading-title elementor-size-default\">NOS DIFERENCIAMOS<\/h2>\t\t\t\t<\/div>\n\t\t\t\t<\/div>\n\t\t\t\t<div class=\"elementor-element elementor-element-32b4eed elementor-widget elementor-widget-text-editor\" data-id=\"32b4eed\" data-element_type=\"widget\" data-widget_type=\"text-editor.default\">\n\t\t\t\t<div class=\"elementor-widget-container\">\n\t\t\t\t\t\t\t\t\t<p><strong data-start=\"792\" data-end=\"892\">Sabemos lo importante que es el desarrollo infantil, por eso nos esforzamos en ofrecer lo mejor.<\/strong> Nuestros productos est\u00e1n dise\u00f1ados para acompa\u00f1ar a los m\u00e1s peque\u00f1os en su crecimiento, brind\u00e1ndoles herramientas que los ayuden a aprender y crecer mientras juegan.<\/p>\t\t\t\t\t\t\t\t<\/div>\n\t\t\t\t<\/div>\n\t\t\t\t\t<\/div>\n\t\t\t\t<\/div>\n\t\t<div class=\"elementor-element elementor-element-fb5baca e-flex e-con-boxed e-con e-parent\" data-id=\"fb5baca\" data-element_type=\"container\">\n\t\t\t\t\t<div class=\"e-con-inner\">\n\t\t<div class=\"elementor-element elementor-element-35e8f95 e-con-full e-flex e-con e-child\" data-id=\"35e8f95\" data-element_type=\"container\">\n\t\t\t\t<div class=\"elementor-element elementor-element-3445dcd elementor-widget elementor-widget-image\" data-id=\"3445dcd\" data-element_type=\"widget\" data-widget_type=\"image.default\">\n\t\t\t\t<div class=\"elementor-widget-container\">\n\t\t\t\t\t\t\t\t\t\t\t\t\t\t\t<img fetchpriority=\"high\" decoding=\"async\" width=\"2048\" height=\"820\" src=\"https:\/\/petiwi.cl\/wp-content\/uploads\/2025\/05\/1-2048x820.jpg\" class=\"attachment-2048x2048 size-2048x2048 wp-image-87\" alt=\"\" srcset=\"https:\/\/petiwi.cl\/wp-content\/uploads\/2025\/05\/1-2048x820.jpg 2048w, https:\/\/petiwi.cl\/wp-content\/uploads\/2025\/05\/1-300x120.jpg 300w, https:\/\/petiwi.cl\/wp-content\/uploads\/2025\/05\/1-1024x410.jpg 1024w, https:\/\/petiwi.cl\/wp-content\/uploads\/2025\/05\/1-768x307.jpg 768w, https:\/\/petiwi.cl\/wp-content\/uploads\/2025\/05\/1-1536x615.jpg 1536w\" sizes=\"(max-width: 2048px) 100vw, 2048px\" \/>\t\t\t\t\t\t\t\t\t\t\t\t\t\t\t<\/div>\n\t\t\t\t<\/div>\n\t\t\t\t<\/div>\n\t\t<div class=\"elementor-element elementor-element-079f959 e-con-full e-flex e-con e-child\" data-id=\"079f959\" data-element_type=\"container\">\n\t\t\t\t<div class=\"elementor-element elementor-element-3b815e7 elementor-widget elementor-widget-image\" data-id=\"3b815e7\" data-element_type=\"widget\" data-widget_type=\"image.default\">\n\t\t\t\t<div class=\"elementor-widget-container\">\n\t\t\t\t\t\t\t\t\t\t\t\t\t\t\t<img decoding=\"async\" width=\"2048\" height=\"820\" src=\"https:\/\/petiwi.cl\/wp-content\/uploads\/2025\/05\/2-2048x820.jpg\" class=\"attachment-2048x2048 size-2048x2048 wp-image-88\" alt=\"\" srcset=\"https:\/\/petiwi.cl\/wp-content\/uploads\/2025\/05\/2-2048x820.jpg 2048w, https:\/\/petiwi.cl\/wp-content\/uploads\/2025\/05\/2-300x120.jpg 300w, https:\/\/petiwi.cl\/wp-content\/uploads\/2025\/05\/2-1024x410.jpg 1024w, https:\/\/petiwi.cl\/wp-content\/uploads\/2025\/05\/2-768x307.jpg 768w, https:\/\/petiwi.cl\/wp-content\/uploads\/2025\/05\/2-1536x615.jpg 1536w\" sizes=\"(max-width: 2048px) 100vw, 2048px\" \/>\t\t\t\t\t\t\t\t\t\t\t\t\t\t\t<\/div>\n\t\t\t\t<\/div>\n\t\t\t\t<\/div>\n\t\t<div class=\"elementor-element elementor-element-9e8ecb9 e-con-full e-flex e-con e-child\" data-id=\"9e8ecb9\" data-element_type=\"container\">\n\t\t\t\t<div class=\"elementor-element elementor-element-4c652ce elementor-widget elementor-widget-image\" data-id=\"4c652ce\" data-element_type=\"widget\" data-widget_type=\"image.default\">\n\t\t\t\t<div class=\"elementor-widget-container\">\n\t\t\t\t\t\t\t\t\t\t\t\t\t\t\t<img decoding=\"async\" width=\"2048\" height=\"820\" src=\"https:\/\/petiwi.cl\/wp-content\/uploads\/2025\/05\/3-2048x820.jpg\" class=\"attachment-2048x2048 size-2048x2048 wp-image-89\" alt=\"\" srcset=\"https:\/\/petiwi.cl\/wp-content\/uploads\/2025\/05\/3-2048x820.jpg 2048w, https:\/\/petiwi.cl\/wp-content\/uploads\/2025\/05\/3-300x120.jpg 300w, https:\/\/petiwi.cl\/wp-content\/uploads\/2025\/05\/3-1024x410.jpg 1024w, https:\/\/petiwi.cl\/wp-content\/uploads\/2025\/05\/3-768x307.jpg 768w, https:\/\/petiwi.cl\/wp-content\/uploads\/2025\/05\/3-1536x615.jpg 1536w\" sizes=\"(max-width: 2048px) 100vw, 2048px\" \/>\t\t\t\t\t\t\t\t\t\t\t\t\t\t\t<\/div>\n\t\t\t\t<\/div>\n\t\t\t\t<\/div>\n\t\t\t\t\t<\/div>\n\t\t\t\t<\/div>\n\t\t<div class=\"elementor-element elementor-element-d2f51fd e-flex e-con-boxed e-con e-parent\" data-id=\"d2f51fd\" data-element_type=\"container\" data-settings=\"{&quot;background_background&quot;:&quot;classic&quot;}\">\n\t\t\t\t\t<div class=\"e-con-inner\">\n\t\t<div class=\"elementor-element elementor-element-f09d58c e-con-full e-flex e-con e-child\" data-id=\"f09d58c\" data-element_type=\"container\">\n\t\t\t\t<div class=\"elementor-element elementor-element-282ebf3 elementor-widget elementor-widget-heading\" data-id=\"282ebf3\" data-element_type=\"widget\" data-widget_type=\"heading.default\">\n\t\t\t\t<div class=\"elementor-widget-container\">\n\t\t\t\t\t<h2 class=\"elementor-heading-title elementor-size-default\">Descubre nuestro<\/h2>\t\t\t\t<\/div>\n\t\t\t\t<\/div>\n\t\t\t\t<div class=\"elementor-element elementor-element-e3e9adf elementor-widget elementor-widget-heading\" data-id=\"e3e9adf\" data-element_type=\"widget\" data-widget_type=\"heading.default\">\n\t\t\t\t<div class=\"elementor-widget-container\">\n\t\t\t\t\t<h2 class=\"elementor-heading-title elementor-size-default\">CAT\u00c1LOGO COMPLETO<\/h2>\t\t\t\t<\/div>\n\t\t\t\t<\/div>\n\t\t\t\t<div class=\"elementor-element elementor-element-c956c33 elementor-widget elementor-widget-text-editor\" data-id=\"c956c33\" data-element_type=\"widget\" data-widget_type=\"text-editor.default\">\n\t\t\t\t<div class=\"elementor-widget-container\">\n\t\t\t\t\t\t\t\t\t<p><strong data-start=\"159\" data-end=\"241\">Explora todas nuestras opciones y encuentra el producto perfecto para tu hijo.<\/strong> Haz clic en el enlace y accede a nuestro cat\u00e1logo en PDF, donde podr\u00e1s ver en detalle todos los art\u00edculos que ofrecemos, sus caracter\u00edsticas y beneficios. \u00a1Haz que su desarrollo sea m\u00e1s divertido y educativo con solo un clic!<\/p>\t\t\t\t\t\t\t\t<\/div>\n\t\t\t\t<\/div>\n\t\t\t\t<div class=\"elementor-element elementor-element-dbf3814 elementor-mobile-align-center elementor-widget elementor-widget-button\" data-id=\"dbf3814\" data-element_type=\"widget\" data-widget_type=\"button.default\">\n\t\t\t\t<div class=\"elementor-widget-container\">\n\t\t\t\t\t\t\t\t\t<div class=\"elementor-button-wrapper\">\n\t\t\t\t\t<a class=\"elementor-button elementor-button-link elementor-size-sm\" href=\"https:\/\/petiwi.cl\/?page_id=120\">\n\t\t\t\t\t\t<span class=\"elementor-button-content-wrapper\">\n\t\t\t\t\t\t\t\t\t<span class=\"elementor-button-text\">NUESTRO CATALOGO<\/span>\n\t\t\t\t\t<\/span>\n\t\t\t\t\t<\/a>\n\t\t\t\t<\/div>\n\t\t\t\t\t\t\t\t<\/div>\n\t\t\t\t<\/div>\n\t\t\t\t<\/div>\n\t\t<div class=\"elementor-element elementor-element-4de0ccd e-con-full e-flex e-con e-child\" data-id=\"4de0ccd\" data-element_type=\"container\">\n\t\t\t\t<\/div>\n\t\t\t\t\t<\/div>\n\t\t\t\t<\/div>\n\t\t\t\t<\/div>\n\t\t","protected":false},"excerpt":{"rendered":"<p>NOS DIFERENCIAMOS Sabemos lo importante que es el desarrollo infantil, por eso nos esforzamos en ofrecer lo mejor. Nuestros productos est\u00e1n dise\u00f1ados para acompa\u00f1ar a los m\u00e1s peque\u00f1os en su crecimiento, brind\u00e1ndoles herramientas que los ayuden a aprender y crecer mientras juegan. Descubre nuestro CAT\u00c1LOGO COMPLETO Explora todas nuestras opciones y encuentra el producto perfecto [&hellip;]<\/p>\n","protected":false},"author":2,"featured_media":0,"parent":0,"menu_order":0,"comment_status":"closed","ping_status":"closed","template":"","meta":{"footnotes":""},"class_list":["post-9","page","type-page","status-publish","hentry"],"_links":{"self":[{"href":"https:\/\/petiwi.cl\/index.php?rest_route=\/wp\/v2\/pages\/9","targetHints":{"allow":["GET"]}}],"collection":[{"href":"https:\/\/petiwi.cl\/index.php?rest_route=\/wp\/v2\/pages"}],"about":[{"href":"https:\/\/petiwi.cl\/index.php?rest_route=\/wp\/v2\/types\/page"}],"author":[{"embeddable":true,"href":"https:\/\/petiwi.cl\/index.php?rest_route=\/wp\/v2\/users\/2"}],"replies":[{"embeddable":true,"href":"https:\/\/petiwi.cl\/index.php?rest_route=%2Fwp%2Fv2%2Fcomments&post=9"}],"version-history":[{"count":109,"href":"https:\/\/petiwi.cl\/index.php?rest_route=\/wp\/v2\/pages\/9\/revisions"}],"predecessor-version":[{"id":304,"href":"https:\/\/petiwi.cl\/index.php?rest_route=\/wp\/v2\/pages\/9\/revisions\/304"}],"wp:attachment":[{"href":"https:\/\/petiwi.cl\/index.php?rest_route=%2Fwp%2Fv2%2Fmedia&parent=9"}],"curies":[{"name":"wp","href":"https:\/\/api.w.org\/{rel}","templated":true}]}}